{"id":6770,"date":"2023-04-02T18:15:09","date_gmt":"2023-04-02T21:15:09","guid":{"rendered":"https:\/\/domdacriacao.com.br\/datapay_manual\/?page_id=6770"},"modified":"2024-04-28T21:07:20","modified_gmt":"2024-04-29T00:07:20","slug":"__trashed-2","status":"publish","type":"page","link":"https:\/\/ajuda.datapaytecnologia.com.br\/conciliador\/","title":{"rendered":"API Data Concilia\u00e7\u00e3o"},"content":{"rendered":"<div class=\"wpb-content-wrapper\"><p>[vc_row row_content_width=&#8221;grid&#8221; row_btt_skin=&#8221;light&#8221; row_background_text_position=&#8221;front&#8221; css=&#8221;.vc_custom_1680467619668{padding-top: 130px !important;padding-bottom: 130px !important;}&#8221;][vc_column]<div class=\"mkdf-accordion-holder mkdf-ac-default  mkdf-accordion mkdf-ac-boxed mkdf-white-skin   clearfix\">\n\t<h4 class=\"mkdf-accordion-title\" >\n    <span class=\"mkdf-tab-title\">Documenta\u00e7\u00e3o da API de integra\u00e7\u00e3o do Data Concilia\u00e7\u00e3o<\/span>\n    <span class=\"mkdf-accordion-mark\">\n\t\t<span class=\"mkdf_icon_plus icon_plus\"><\/span>\n\t\t<span class=\"mkdf_icon_minus icon_minus-06\"><\/span>\n\t<\/span>\n<\/h4>\n<div class=\"mkdf-accordion-content\">\n\t<div class=\"mkdf-accordion-content-inner\">\n\t\t[vc_column_text]A <strong>DataPay Tecnologia<\/strong> disponibiliza a su\u00edte de servi\u00e7os BR-WS que permite a troca de informa\u00e7\u00f5es com o Cliente, O BRWS possui as seguintes funcionalidades:<\/p>\n<p><strong>a)<\/strong> Registro de venda do cliente<br \/>\n<strong>b)<\/strong> Consulta de venda do cliente<br \/>\n<strong>c)<\/strong> Consulta de venda\/recebimentos da administradora<br \/>\n<strong>d)<\/strong> Exclus\u00e3o de venda do cliente<br \/>\n<strong>e)<\/strong> Consulta de Chargeback do cliente<\/p>\n<p>Para acessar os servi\u00e7os \u00e9 necess\u00e1rio possuir credencial, denominada TOKEN, que \u00e9 exclusiva para cada cliente e possibilita o acesso a todas as informa\u00e7\u00f5es de todas as filiais do cliente. O Token pode ser alterado a qualquer momento atrav\u00e9s de solicita\u00e7\u00e3o do usu\u00e1rio.[\/vc_column_text]\t<\/div>\n<\/div><\/div>[\/vc_column][\/vc_row]<\/p>\n<\/div>","protected":false},"excerpt":{"rendered":"<p>[vc_row row_content_width=&#8221;grid&#8221; row_btt_skin=&#8221;light&#8221; row_background_text_position=&#8221;front&#8221; css=&#8221;.vc_custom_1680467619668{padding-top: 130px !important;padding-bottom: 130px !important;}&#8221;][vc_column][\/vc_column][\/vc_row]<\/p>\n","protected":false},"author":1,"featured_media":0,"parent":0,"menu_order":0,"comment_status":"closed","ping_status":"closed","template":"","meta":{"footnotes":""},"class_list":["post-6770","page","type-page","status-publish","hentry"],"_links":{"self":[{"href":"https:\/\/ajuda.datapaytecnologia.com.br\/conciliador\/wp-json\/wp\/v2\/pages\/6770","targetHints":{"allow":["GET"]}}],"collection":[{"href":"https:\/\/ajuda.datapaytecnologia.com.br\/conciliador\/wp-json\/wp\/v2\/pages"}],"about":[{"href":"https:\/\/ajuda.datapaytecnologia.com.br\/conciliador\/wp-json\/wp\/v2\/types\/page"}],"author":[{"embeddable":true,"href":"https:\/\/ajuda.datapaytecnologia.com.br\/conciliador\/wp-json\/wp\/v2\/users\/1"}],"replies":[{"embeddable":true,"href":"https:\/\/ajuda.datapaytecnologia.com.br\/conciliador\/wp-json\/wp\/v2\/comments?post=6770"}],"version-history":[{"count":6,"href":"https:\/\/ajuda.datapaytecnologia.com.br\/conciliador\/wp-json\/wp\/v2\/pages\/6770\/revisions"}],"predecessor-version":[{"id":6978,"href":"https:\/\/ajuda.datapaytecnologia.com.br\/conciliador\/wp-json\/wp\/v2\/pages\/6770\/revisions\/6978"}],"wp:attachment":[{"href":"https:\/\/ajuda.datapaytecnologia.com.br\/conciliador\/wp-json\/wp\/v2\/media?parent=6770"}],"curies":[{"name":"wp","href":"https:\/\/api.w.org\/{rel}","templated":true}]}}